{"id":310,"date":"2021-03-10T21:40:40","date_gmt":"2021-03-10T20:40:40","guid":{"rendered":"http:\/\/localhost\/Arepo\/?page_id=310"},"modified":"2024-11-06T14:20:58","modified_gmt":"2024-11-06T13:20:58","slug":"acerca-de-arepo","status":"publish","type":"page","link":"https:\/\/www.arepoquality.eu\/es\/acerca-de-arepo\/","title":{"rendered":"Acerca de AREPO"},"content":{"rendered":"\n<h2 class=\"wp-block-heading has-text-align-center\"> Acerca de AREPO<\/h2>\n\n\n\n<p class=\"has-text-align-center encart blue\">La Asociaci\u00f3n de las Regiones Europeas de los Productos de Origen (AREPO) es una <strong>red<\/strong><br><strong>de regiones y asociaciones de productores<\/strong> que operan en el \u00e1mbito de las <strong>denominaciones de origen<\/strong>.<br>AREPO tiene como objetivo promover y defender los intereses de los productores y de los consumidores<br>de las Regiones europeas que se dedican a la valorizaci\u00f3n de los productos agroalimentarios de calidad.<\/p>\n\n\n\n<h2 class=\"wp-block-heading\">Misiones<\/h2>\n\n\n\n<div class=\"wp-block-columns has-3-columns is-layout-flex wp-container-core-columns-is-layout-9d6595d7 wp-block-columns-is-layout-flex\">\n<div class=\"wp-block-column is-layout-flow wp-block-column-is-layout-flow\">\n<h4 class=\"wp-block-heading\">Con respecto a las Regiones<br><\/h4>\n\n\n\n<ul class=\"wp-block-list\">\n<li>El desarrollo de las indicaciones geogr\u00e1ficas y productos de calidad como herramientas para el desarrollo y la planificaci\u00f3n territorial;<\/li>\n\n\n\n<li>Esto se logra mediante el fortalecimiento de la pol\u00edtica europea con respecto a las Indicaciones Geogr\u00e1ficas y los productos de origen. <\/li>\n<\/ul>\n\n\n\n<p><\/p>\n<\/div>\n\n\n\n<div class=\"wp-block-column is-layout-flow wp-block-column-is-layout-flow\">\n<h4 class=\"wp-block-heading\">Con respecto a los productores<\/h4>\n\n\n\n<ul class=\"wp-block-list\">\n<li>La garant\u00eda de buenas condiciones de ingreso para los productores; <\/li>\n\n\n\n<li>El cabildeo para asegurar que los productos de calidad tengan una protecci\u00f3n adecuada en el mercado europeo, as\u00ed como en terceros mercados;<\/li>\n\n\n\n<li>El cabildeo para asegurar que la calidad encuentre el lugar que le corresponde en las pol\u00edticas de promoci\u00f3n.<\/li>\n<\/ul>\n\n\n\n<p><\/p>\n<\/div>\n\n\n\n<div class=\"wp-block-column is-layout-flow wp-block-column-is-layout-flow\">\n<h4 class=\"wp-block-heading\">Con respecto a los consumidores<\/h4>\n\n\n\n<ul class=\"wp-block-list\">\n<li>Asegurar una adecuada comunicaci\u00f3n y la informaci\u00f3n correcta. <\/li>\n<\/ul>\n\n\n\n<p><\/p>\n<\/div>\n<\/div>\n\n\n\n<h2 class=\"wp-block-heading has-text-align-center\">Origen y evoluci\u00f3n<\/h2>\n\n\n\n<p class=\"has-text-align-center encart blue\">AREPO fue creada en maio de 2004 en Burdeos por 16 regiones de seis pa\u00edses europeos. Hoy representa a 35 regiones europeas<br>y a m\u00e1s de 850 asociaciones de productores, lo que equivale a m\u00e1s del 60% de las indicaciones geogr\u00e1ficas europeas.<\/p>\n\n\n\n<h2 class=\"wp-block-heading\"> <strong>Estructura<\/strong> <\/h2>\n\n\n\n<div class=\"wp-block-columns has-3-columns is-layout-flex wp-container-core-columns-is-layout-9d6595d7 wp-block-columns-is-layout-flex\">\n<div class=\"wp-block-column is-layout-flow wp-block-column-is-layout-flow\">\n<h4 class=\"wp-block-heading\">El&nbsp;Colegio de las Regiones <\/h4>\n\n\n\n<p>Presidido por la <strong>Regi\u00f3n de Lombardia<\/strong>.<\/p>\n<\/div>\n\n\n\n<div class=\"wp-block-column is-layout-flow wp-block-column-is-layout-flow\">\n<h4 class=\"wp-block-heading\">El Colegio de los Representantes de los productores<\/h4>\n\n\n\n<p>Presidido por la <strong>Conferencia Andaluza de Denominaciones de Origen (CADO, Andaluc\u00eda)<\/strong>.<\/p>\n<\/div>\n\n\n\n<div class=\"wp-block-column is-layout-flow wp-block-column-is-layout-flow\">\n<h4 class=\"wp-block-heading\">El Colegio de los Miembros Asociados<\/h4>\n\n\n\n<p>\u00d3rgano consultivo compuesto por las organizaciones que han firmado un acuerdo de asociaci\u00f3n con AREPO (organizaciones y redes tem\u00e1ticas, territoriales, cient\u00edficas, etc.). <\/p>\n<\/div>\n<\/div>\n\n\n\n<p class=\"encart border-blue\">AREPO cuenta con el apoyo de un <strong>Consejo Cient\u00edfico<\/strong>, compuesto por expertos de universidades y centros de investigaci\u00f3n de las regiones miembros.<\/p>\n\n\n\n<h2 class=\"wp-block-heading has-text-align-center\">Consejo Ejecutivo<\/h2>\n\n\n\n<p class=\"has-text-align-center encart blue\">Es el \u00f3rgano de administraci\u00f3n de la asociaci\u00f3n. Orienta los trabajos y delibera en el intervalo entre las Asambleas Generales.<br>El Consejo Ejecutivo est\u00e1 compuesto por tres miembros titulares:<\/p>\n\n\n\n<div class=\"wp-block-columns has-3-columns is-layout-flex wp-container-core-columns-is-layout-9d6595d7 wp-block-columns-is-layout-flex\">\n<div class=\"wp-block-column is-layout-flow wp-block-column-is-layout-flow\">\n<h4 class=\"wp-block-heading\">Presidencia<\/h4>\n\n\n\n<p>Las regiones miembros eligen un nuevo Presidente cada tres a\u00f1os. La <strong>Regi\u00f3n de Lombardia<\/strong> fue elegida como presidente de AREPO en octubre de 2024. En la actualidad, el presidente es <strong>Alessandro Beduschi,<\/strong> Consejero de Agricultura de<br>Lombardia.<\/p>\n<\/div>\n\n\n\n<div class=\"wp-block-column is-layout-flow wp-block-column-is-layout-flow\">\n<h4 class=\"wp-block-heading\">Vicepresidencia<\/h4>\n\n\n\n<p>El candidato a la vicepresidencia de la Asociaci\u00f3n es propuesto a la votaci\u00f3n de la Asamblea General por el<strong> Colegio de los Representantes de los Productores<\/strong>. Actualmente, la vicepresidencia la ostenta la <strong>Conferencia Andaluza de Denominaciones de Origen<\/strong> (CADO, Andaluc\u00eda), a trav\u00e9s de su presidente, <strong>D.<\/strong> <strong>C\u00e9sar Salda\u00f1a<\/strong>.<\/p>\n<\/div>\n\n\n\n<div class=\"wp-block-column is-layout-flow wp-block-column-is-layout-flow\">\n<h4 class=\"wp-block-heading\">Tesorero&nbsp; <\/h4>\n\n\n\n<p>Elegido por la Asamblea General. Esta funci\u00f3n la ejerce actualmente la <strong>Regi\u00f3n de Centre-Val de Loire.\u00a0<\/strong>En\u00a0la\u00a0actualidad, la Tesorera es <strong>Temanuata Girard,<\/strong> Vicepresidenta de Agricultura y Alimentaci\u00f3n de Centre-Val de Loire.<\/p>\n<\/div>\n<\/div>\n\n\n\n<div class=\"wp-block-columns has-3-columns is-layout-flex wp-container-core-columns-is-layout-9d6595d7 wp-block-columns-is-layout-flex\">\n<div class=\"wp-block-column is-layout-flow wp-block-column-is-layout-flow\">\n<p><\/p>\n\n\n\n<p><\/p>\n<\/div>\n\n\n\n<div class=\"wp-block-column is-layout-flow wp-block-column-is-layout-flow\">\n<h4 class=\"wp-block-heading\">Secretario General<\/h4>\n\n\n\n<p>\n\nEl Secretario General, Laurent G\u00f3mez, dirige y anima la red. La Secretar\u00eda General <br>est\u00e1 en Burdeos, en la sede de la regi\u00f3n de Nouvelle-Aquitaine.\n\n<\/p>\n<\/div>\n\n\n\n<div class=\"wp-block-column is-layout-flow wp-block-column-is-layout-flow\"><\/div>\n<\/div>\n\n\n\n<p><strong>Una oficina de representaci\u00f3n en Bruselas<\/strong>, en la sede de la regi\u00f3n de Emilia Romagna, coordina las actividades de lobby y las relaciones con las instituciones europeas.<\/p>\n","protected":false},"excerpt":{"rendered":"<p>Acerca de AREPO La Asociaci\u00f3n de las Regiones Europeas de los Productos de Origen (AREPO) es una redde regiones y asociaciones de productores que operan en el \u00e1mbito de las denominaciones de origen.AREPO tiene como objetivo promover y defender los intereses de los productores y de los consumidoresde las Regiones europeas que se dedican a [&hellip;]<\/p>\n","protected":false},"author":106,"featured_media":0,"parent":0,"menu_order":8,"comment_status":"closed","ping_status":"closed","template":"page-about.php","meta":{"_acf_changed":false,"footnotes":""},"class_list":["post-310","page","type-page","status-publish","hentry"],"acf":[],"yoast_head":"<!-- This site is optimized with the Yoast SEO plugin v27.3 - https:\/\/yoast.com\/product\/yoast-seo-wordpress\/ -->\n<title>Acerca de AREPO - AREPO<\/title>\n<meta name=\"robots\" content=\"index, follow, max-snippet:-1, max-image-preview:large, max-video-preview:-1\" \/>\n<link rel=\"canonical\" href=\"https:\/\/www.arepoquality.eu\/es\/acerca-de-arepo\/\" \/>\n<meta property=\"og:locale\" content=\"es_ES\" \/>\n<meta property=\"og:type\" content=\"article\" \/>\n<meta property=\"og:title\" content=\"Acerca de AREPO - AREPO\" \/>\n<meta property=\"og:description\" content=\"Acerca de AREPO La Asociaci\u00f3n de las Regiones Europeas de los Productos de Origen (AREPO) es una redde regiones y asociaciones de productores que operan en el \u00e1mbito de las denominaciones de origen.AREPO tiene como objetivo promover y defender los intereses de los productores y de los consumidoresde las Regiones europeas que se dedican a [&hellip;]\" \/>\n<meta property=\"og:url\" content=\"https:\/\/www.arepoquality.eu\/es\/acerca-de-arepo\/\" \/>\n<meta property=\"og:site_name\" content=\"AREPO\" \/>\n<meta property=\"article:publisher\" content=\"https:\/\/www.facebook.com\/arepoquality\/\" \/>\n<meta property=\"article:modified_time\" content=\"2024-11-06T13:20:58+00:00\" \/>\n<meta name=\"twitter:card\" content=\"summary_large_image\" \/>\n<meta name=\"twitter:site\" content=\"@arepoquality_eu\" \/>\n<meta name=\"twitter:label1\" content=\"Tiempo de lectura\" \/>\n\t<meta name=\"twitter:data1\" content=\"3 minutos\" \/>\n<script type=\"application\/ld+json\" class=\"yoast-schema-graph\">{\"@context\":\"https:\\\/\\\/schema.org\",\"@graph\":[{\"@type\":\"WebPage\",\"@id\":\"https:\\\/\\\/www.arepoquality.eu\\\/es\\\/acerca-de-arepo\\\/\",\"url\":\"https:\\\/\\\/www.arepoquality.eu\\\/es\\\/acerca-de-arepo\\\/\",\"name\":\"Acerca de AREPO - AREPO\",\"isPartOf\":{\"@id\":\"https:\\\/\\\/www.arepoquality.eu\\\/#website\"},\"datePublished\":\"2021-03-10T20:40:40+00:00\",\"dateModified\":\"2024-11-06T13:20:58+00:00\",\"breadcrumb\":{\"@id\":\"https:\\\/\\\/www.arepoquality.eu\\\/es\\\/acerca-de-arepo\\\/#breadcrumb\"},\"inLanguage\":\"es\",\"potentialAction\":[{\"@type\":\"ReadAction\",\"target\":[\"https:\\\/\\\/www.arepoquality.eu\\\/es\\\/acerca-de-arepo\\\/\"]}]},{\"@type\":\"BreadcrumbList\",\"@id\":\"https:\\\/\\\/www.arepoquality.eu\\\/es\\\/acerca-de-arepo\\\/#breadcrumb\",\"itemListElement\":[{\"@type\":\"ListItem\",\"position\":1,\"name\":\"Home\",\"item\":\"https:\\\/\\\/www.arepoquality.eu\\\/\"},{\"@type\":\"ListItem\",\"position\":2,\"name\":\"Acerca de AREPO\"}]},{\"@type\":\"WebSite\",\"@id\":\"https:\\\/\\\/www.arepoquality.eu\\\/#website\",\"url\":\"https:\\\/\\\/www.arepoquality.eu\\\/\",\"name\":\"AREPO\",\"description\":\"\",\"publisher\":{\"@id\":\"https:\\\/\\\/www.arepoquality.eu\\\/#organization\"},\"potentialAction\":[{\"@type\":\"SearchAction\",\"target\":{\"@type\":\"EntryPoint\",\"urlTemplate\":\"https:\\\/\\\/www.arepoquality.eu\\\/?s={search_term_string}\"},\"query-input\":{\"@type\":\"PropertyValueSpecification\",\"valueRequired\":true,\"valueName\":\"search_term_string\"}}],\"inLanguage\":\"es\"},{\"@type\":\"Organization\",\"@id\":\"https:\\\/\\\/www.arepoquality.eu\\\/#organization\",\"name\":\"AREPO\",\"url\":\"https:\\\/\\\/www.arepoquality.eu\\\/\",\"logo\":{\"@type\":\"ImageObject\",\"inLanguage\":\"es\",\"@id\":\"https:\\\/\\\/www.arepoquality.eu\\\/#\\\/schema\\\/logo\\\/image\\\/\",\"url\":\"https:\\\/\\\/www.arepoquality.eu\\\/wp-content\\\/uploads\\\/2024\\\/05\\\/arepo.jpg\",\"contentUrl\":\"https:\\\/\\\/www.arepoquality.eu\\\/wp-content\\\/uploads\\\/2024\\\/05\\\/arepo.jpg\",\"width\":1113,\"height\":705,\"caption\":\"AREPO\"},\"image\":{\"@id\":\"https:\\\/\\\/www.arepoquality.eu\\\/#\\\/schema\\\/logo\\\/image\\\/\"},\"sameAs\":[\"https:\\\/\\\/www.facebook.com\\\/arepoquality\\\/\",\"https:\\\/\\\/x.com\\\/arepoquality_eu\",\"https:\\\/\\\/www.linkedin.com\\\/company\\\/arepoquality\\\/?viewAsMember=true\"]}]}<\/script>\n<!-- \/ Yoast SEO plugin. -->","yoast_head_json":{"title":"Acerca de AREPO - AREPO","robots":{"index":"index","follow":"follow","max-snippet":"max-snippet:-1","max-image-preview":"max-image-preview:large","max-video-preview":"max-video-preview:-1"},"canonical":"https:\/\/www.arepoquality.eu\/es\/acerca-de-arepo\/","og_locale":"es_ES","og_type":"article","og_title":"Acerca de AREPO - AREPO","og_description":"Acerca de AREPO La Asociaci\u00f3n de las Regiones Europeas de los Productos de Origen (AREPO) es una redde regiones y asociaciones de productores que operan en el \u00e1mbito de las denominaciones de origen.AREPO tiene como objetivo promover y defender los intereses de los productores y de los consumidoresde las Regiones europeas que se dedican a [&hellip;]","og_url":"https:\/\/www.arepoquality.eu\/es\/acerca-de-arepo\/","og_site_name":"AREPO","article_publisher":"https:\/\/www.facebook.com\/arepoquality\/","article_modified_time":"2024-11-06T13:20:58+00:00","twitter_card":"summary_large_image","twitter_site":"@arepoquality_eu","twitter_misc":{"Tiempo de lectura":"3 minutos"},"schema":{"@context":"https:\/\/schema.org","@graph":[{"@type":"WebPage","@id":"https:\/\/www.arepoquality.eu\/es\/acerca-de-arepo\/","url":"https:\/\/www.arepoquality.eu\/es\/acerca-de-arepo\/","name":"Acerca de AREPO - AREPO","isPartOf":{"@id":"https:\/\/www.arepoquality.eu\/#website"},"datePublished":"2021-03-10T20:40:40+00:00","dateModified":"2024-11-06T13:20:58+00:00","breadcrumb":{"@id":"https:\/\/www.arepoquality.eu\/es\/acerca-de-arepo\/#breadcrumb"},"inLanguage":"es","potentialAction":[{"@type":"ReadAction","target":["https:\/\/www.arepoquality.eu\/es\/acerca-de-arepo\/"]}]},{"@type":"BreadcrumbList","@id":"https:\/\/www.arepoquality.eu\/es\/acerca-de-arepo\/#breadcrumb","itemListElement":[{"@type":"ListItem","position":1,"name":"Home","item":"https:\/\/www.arepoquality.eu\/"},{"@type":"ListItem","position":2,"name":"Acerca de AREPO"}]},{"@type":"WebSite","@id":"https:\/\/www.arepoquality.eu\/#website","url":"https:\/\/www.arepoquality.eu\/","name":"AREPO","description":"","publisher":{"@id":"https:\/\/www.arepoquality.eu\/#organization"},"potentialAction":[{"@type":"SearchAction","target":{"@type":"EntryPoint","urlTemplate":"https:\/\/www.arepoquality.eu\/?s={search_term_string}"},"query-input":{"@type":"PropertyValueSpecification","valueRequired":true,"valueName":"search_term_string"}}],"inLanguage":"es"},{"@type":"Organization","@id":"https:\/\/www.arepoquality.eu\/#organization","name":"AREPO","url":"https:\/\/www.arepoquality.eu\/","logo":{"@type":"ImageObject","inLanguage":"es","@id":"https:\/\/www.arepoquality.eu\/#\/schema\/logo\/image\/","url":"https:\/\/www.arepoquality.eu\/wp-content\/uploads\/2024\/05\/arepo.jpg","contentUrl":"https:\/\/www.arepoquality.eu\/wp-content\/uploads\/2024\/05\/arepo.jpg","width":1113,"height":705,"caption":"AREPO"},"image":{"@id":"https:\/\/www.arepoquality.eu\/#\/schema\/logo\/image\/"},"sameAs":["https:\/\/www.facebook.com\/arepoquality\/","https:\/\/x.com\/arepoquality_eu","https:\/\/www.linkedin.com\/company\/arepoquality\/?viewAsMember=true"]}]}},"_links":{"self":[{"href":"https:\/\/www.arepoquality.eu\/es\/wp-json\/wp\/v2\/pages\/310","targetHints":{"allow":["GET"]}}],"collection":[{"href":"https:\/\/www.arepoquality.eu\/es\/wp-json\/wp\/v2\/pages"}],"about":[{"href":"https:\/\/www.arepoquality.eu\/es\/wp-json\/wp\/v2\/types\/page"}],"author":[{"embeddable":true,"href":"https:\/\/www.arepoquality.eu\/es\/wp-json\/wp\/v2\/users\/106"}],"replies":[{"embeddable":true,"href":"https:\/\/www.arepoquality.eu\/es\/wp-json\/wp\/v2\/comments?post=310"}],"version-history":[{"count":23,"href":"https:\/\/www.arepoquality.eu\/es\/wp-json\/wp\/v2\/pages\/310\/revisions"}],"predecessor-version":[{"id":17108,"href":"https:\/\/www.arepoquality.eu\/es\/wp-json\/wp\/v2\/pages\/310\/revisions\/17108"}],"wp:attachment":[{"href":"https:\/\/www.arepoquality.eu\/es\/wp-json\/wp\/v2\/media?parent=310"}],"curies":[{"name":"wp","href":"https:\/\/api.w.org\/{rel}","templated":true}]}}