{"id":101,"date":"2021-02-17T15:34:28","date_gmt":"2021-02-17T14:34:28","guid":{"rendered":"http:\/\/localhost\/Arepo\/?page_id=101"},"modified":"2022-04-09T15:37:52","modified_gmt":"2022-04-09T13:37:52","slug":"cartes-des-formations","status":"publish","type":"page","link":"https:\/\/www.arepoquality.eu\/fr\/tools\/cartes-des-formations\/","title":{"rendered":"Carte des offres de formation"},"content":{"rendered":"\n<p>Cliquez ici pour consulter notre carte de g\u00e9olocalisation des offres de formation existantes au sein de l&rsquo;Union europ\u00e9enne sur les syst\u00e8mes de qualit\u00e9 europ\u00e9ens et notamment les indications g\u00e9ographiques.<\/p>\n","protected":false},"excerpt":{"rendered":"<p>Cliquez ici pour consulter notre carte de g\u00e9olocalisation des offres de formation existantes au sein de l&rsquo;Union europ\u00e9enne sur les syst\u00e8mes de qualit\u00e9 europ\u00e9ens et notamment les indications g\u00e9ographiques.<\/p>\n","protected":false},"author":106,"featured_media":10784,"parent":92,"menu_order":3,"comment_status":"closed","ping_status":"closed","template":"page-carteformations.php","meta":{"_acf_changed":false,"footnotes":""},"class_list":["post-101","page","type-page","status-publish","has-post-thumbnail","hentry"],"acf":[],"yoast_head":"<!-- This site is optimized with the Yoast SEO plugin v27.3 - https:\/\/yoast.com\/product\/yoast-seo-wordpress\/ -->\n<title>Carte des offres de formation - AREPO<\/title>\n<meta name=\"robots\" content=\"index, follow, max-snippet:-1, max-image-preview:large, max-video-preview:-1\" \/>\n<link rel=\"canonical\" href=\"https:\/\/www.arepoquality.eu\/fr\/tools\/cartes-des-formations\/\" \/>\n<meta property=\"og:locale\" content=\"fr_FR\" \/>\n<meta property=\"og:type\" content=\"article\" \/>\n<meta property=\"og:title\" content=\"Carte des offres de formation - AREPO\" \/>\n<meta property=\"og:description\" content=\"Cliquez ici pour consulter notre carte de g\u00e9olocalisation des offres de formation existantes au sein de l&rsquo;Union europ\u00e9enne sur les syst\u00e8mes de qualit\u00e9 europ\u00e9ens et notamment les indications g\u00e9ographiques.\" \/>\n<meta property=\"og:url\" content=\"https:\/\/www.arepoquality.eu\/fr\/tools\/cartes-des-formations\/\" \/>\n<meta property=\"og:site_name\" content=\"AREPO\" \/>\n<meta property=\"article:publisher\" content=\"https:\/\/www.facebook.com\/arepoquality\/\" \/>\n<meta property=\"article:modified_time\" content=\"2022-04-09T13:37:52+00:00\" \/>\n<meta property=\"og:image\" content=\"https:\/\/www.arepoquality.eu\/wp-content\/uploads\/2022\/04\/Formations-1.jpg\" \/>\n\t<meta property=\"og:image:width\" content=\"3012\" \/>\n\t<meta property=\"og:image:height\" content=\"2017\" \/>\n\t<meta property=\"og:image:type\" content=\"image\/jpeg\" \/>\n<meta name=\"twitter:card\" content=\"summary_large_image\" \/>\n<meta name=\"twitter:site\" content=\"@arepoquality_eu\" \/>\n<script type=\"application\/ld+json\" class=\"yoast-schema-graph\">{\"@context\":\"https:\\\/\\\/schema.org\",\"@graph\":[{\"@type\":\"WebPage\",\"@id\":\"https:\\\/\\\/www.arepoquality.eu\\\/fr\\\/tools\\\/cartes-des-formations\\\/\",\"url\":\"https:\\\/\\\/www.arepoquality.eu\\\/fr\\\/tools\\\/cartes-des-formations\\\/\",\"name\":\"Carte des offres de formation - AREPO\",\"isPartOf\":{\"@id\":\"https:\\\/\\\/www.arepoquality.eu\\\/#website\"},\"primaryImageOfPage\":{\"@id\":\"https:\\\/\\\/www.arepoquality.eu\\\/fr\\\/tools\\\/cartes-des-formations\\\/#primaryimage\"},\"image\":{\"@id\":\"https:\\\/\\\/www.arepoquality.eu\\\/fr\\\/tools\\\/cartes-des-formations\\\/#primaryimage\"},\"thumbnailUrl\":\"https:\\\/\\\/www.arepoquality.eu\\\/wp-content\\\/uploads\\\/2022\\\/04\\\/Formations-1.jpg\",\"datePublished\":\"2021-02-17T14:34:28+00:00\",\"dateModified\":\"2022-04-09T13:37:52+00:00\",\"breadcrumb\":{\"@id\":\"https:\\\/\\\/www.arepoquality.eu\\\/fr\\\/tools\\\/cartes-des-formations\\\/#breadcrumb\"},\"inLanguage\":\"fr-FR\",\"potentialAction\":[{\"@type\":\"ReadAction\",\"target\":[\"https:\\\/\\\/www.arepoquality.eu\\\/fr\\\/tools\\\/cartes-des-formations\\\/\"]}]},{\"@type\":\"ImageObject\",\"inLanguage\":\"fr-FR\",\"@id\":\"https:\\\/\\\/www.arepoquality.eu\\\/fr\\\/tools\\\/cartes-des-formations\\\/#primaryimage\",\"url\":\"https:\\\/\\\/www.arepoquality.eu\\\/wp-content\\\/uploads\\\/2022\\\/04\\\/Formations-1.jpg\",\"contentUrl\":\"https:\\\/\\\/www.arepoquality.eu\\\/wp-content\\\/uploads\\\/2022\\\/04\\\/Formations-1.jpg\",\"width\":3012,\"height\":2017,\"caption\":\"Close-up view of young passionate businesswoman typing on laptop computer and writing on notebook in office room\"},{\"@type\":\"BreadcrumbList\",\"@id\":\"https:\\\/\\\/www.arepoquality.eu\\\/fr\\\/tools\\\/cartes-des-formations\\\/#breadcrumb\",\"itemListElement\":[{\"@type\":\"ListItem\",\"position\":1,\"name\":\"Home\",\"item\":\"https:\\\/\\\/www.arepoquality.eu\\\/\"},{\"@type\":\"ListItem\",\"position\":2,\"name\":\"Outils IG\",\"item\":\"https:\\\/\\\/www.arepoquality.eu\\\/fr\\\/tools\\\/\"},{\"@type\":\"ListItem\",\"position\":3,\"name\":\"Carte des offres de formation\"}]},{\"@type\":\"WebSite\",\"@id\":\"https:\\\/\\\/www.arepoquality.eu\\\/#website\",\"url\":\"https:\\\/\\\/www.arepoquality.eu\\\/\",\"name\":\"AREPO\",\"description\":\"\",\"publisher\":{\"@id\":\"https:\\\/\\\/www.arepoquality.eu\\\/#organization\"},\"potentialAction\":[{\"@type\":\"SearchAction\",\"target\":{\"@type\":\"EntryPoint\",\"urlTemplate\":\"https:\\\/\\\/www.arepoquality.eu\\\/?s={search_term_string}\"},\"query-input\":{\"@type\":\"PropertyValueSpecification\",\"valueRequired\":true,\"valueName\":\"search_term_string\"}}],\"inLanguage\":\"fr-FR\"},{\"@type\":\"Organization\",\"@id\":\"https:\\\/\\\/www.arepoquality.eu\\\/#organization\",\"name\":\"AREPO\",\"url\":\"https:\\\/\\\/www.arepoquality.eu\\\/\",\"logo\":{\"@type\":\"ImageObject\",\"inLanguage\":\"fr-FR\",\"@id\":\"https:\\\/\\\/www.arepoquality.eu\\\/#\\\/schema\\\/logo\\\/image\\\/\",\"url\":\"https:\\\/\\\/www.arepoquality.eu\\\/wp-content\\\/uploads\\\/2024\\\/05\\\/arepo.jpg\",\"contentUrl\":\"https:\\\/\\\/www.arepoquality.eu\\\/wp-content\\\/uploads\\\/2024\\\/05\\\/arepo.jpg\",\"width\":1113,\"height\":705,\"caption\":\"AREPO\"},\"image\":{\"@id\":\"https:\\\/\\\/www.arepoquality.eu\\\/#\\\/schema\\\/logo\\\/image\\\/\"},\"sameAs\":[\"https:\\\/\\\/www.facebook.com\\\/arepoquality\\\/\",\"https:\\\/\\\/x.com\\\/arepoquality_eu\",\"https:\\\/\\\/www.linkedin.com\\\/company\\\/arepoquality\\\/?viewAsMember=true\"]}]}<\/script>\n<!-- \/ Yoast SEO plugin. -->","yoast_head_json":{"title":"Carte des offres de formation - AREPO","robots":{"index":"index","follow":"follow","max-snippet":"max-snippet:-1","max-image-preview":"max-image-preview:large","max-video-preview":"max-video-preview:-1"},"canonical":"https:\/\/www.arepoquality.eu\/fr\/tools\/cartes-des-formations\/","og_locale":"fr_FR","og_type":"article","og_title":"Carte des offres de formation - AREPO","og_description":"Cliquez ici pour consulter notre carte de g\u00e9olocalisation des offres de formation existantes au sein de l&rsquo;Union europ\u00e9enne sur les syst\u00e8mes de qualit\u00e9 europ\u00e9ens et notamment les indications g\u00e9ographiques.","og_url":"https:\/\/www.arepoquality.eu\/fr\/tools\/cartes-des-formations\/","og_site_name":"AREPO","article_publisher":"https:\/\/www.facebook.com\/arepoquality\/","article_modified_time":"2022-04-09T13:37:52+00:00","og_image":[{"width":3012,"height":2017,"url":"https:\/\/www.arepoquality.eu\/wp-content\/uploads\/2022\/04\/Formations-1.jpg","type":"image\/jpeg"}],"twitter_card":"summary_large_image","twitter_site":"@arepoquality_eu","schema":{"@context":"https:\/\/schema.org","@graph":[{"@type":"WebPage","@id":"https:\/\/www.arepoquality.eu\/fr\/tools\/cartes-des-formations\/","url":"https:\/\/www.arepoquality.eu\/fr\/tools\/cartes-des-formations\/","name":"Carte des offres de formation - AREPO","isPartOf":{"@id":"https:\/\/www.arepoquality.eu\/#website"},"primaryImageOfPage":{"@id":"https:\/\/www.arepoquality.eu\/fr\/tools\/cartes-des-formations\/#primaryimage"},"image":{"@id":"https:\/\/www.arepoquality.eu\/fr\/tools\/cartes-des-formations\/#primaryimage"},"thumbnailUrl":"https:\/\/www.arepoquality.eu\/wp-content\/uploads\/2022\/04\/Formations-1.jpg","datePublished":"2021-02-17T14:34:28+00:00","dateModified":"2022-04-09T13:37:52+00:00","breadcrumb":{"@id":"https:\/\/www.arepoquality.eu\/fr\/tools\/cartes-des-formations\/#breadcrumb"},"inLanguage":"fr-FR","potentialAction":[{"@type":"ReadAction","target":["https:\/\/www.arepoquality.eu\/fr\/tools\/cartes-des-formations\/"]}]},{"@type":"ImageObject","inLanguage":"fr-FR","@id":"https:\/\/www.arepoquality.eu\/fr\/tools\/cartes-des-formations\/#primaryimage","url":"https:\/\/www.arepoquality.eu\/wp-content\/uploads\/2022\/04\/Formations-1.jpg","contentUrl":"https:\/\/www.arepoquality.eu\/wp-content\/uploads\/2022\/04\/Formations-1.jpg","width":3012,"height":2017,"caption":"Close-up view of young passionate businesswoman typing on laptop computer and writing on notebook in office room"},{"@type":"BreadcrumbList","@id":"https:\/\/www.arepoquality.eu\/fr\/tools\/cartes-des-formations\/#breadcrumb","itemListElement":[{"@type":"ListItem","position":1,"name":"Home","item":"https:\/\/www.arepoquality.eu\/"},{"@type":"ListItem","position":2,"name":"Outils IG","item":"https:\/\/www.arepoquality.eu\/fr\/tools\/"},{"@type":"ListItem","position":3,"name":"Carte des offres de formation"}]},{"@type":"WebSite","@id":"https:\/\/www.arepoquality.eu\/#website","url":"https:\/\/www.arepoquality.eu\/","name":"AREPO","description":"","publisher":{"@id":"https:\/\/www.arepoquality.eu\/#organization"},"potentialAction":[{"@type":"SearchAction","target":{"@type":"EntryPoint","urlTemplate":"https:\/\/www.arepoquality.eu\/?s={search_term_string}"},"query-input":{"@type":"PropertyValueSpecification","valueRequired":true,"valueName":"search_term_string"}}],"inLanguage":"fr-FR"},{"@type":"Organization","@id":"https:\/\/www.arepoquality.eu\/#organization","name":"AREPO","url":"https:\/\/www.arepoquality.eu\/","logo":{"@type":"ImageObject","inLanguage":"fr-FR","@id":"https:\/\/www.arepoquality.eu\/#\/schema\/logo\/image\/","url":"https:\/\/www.arepoquality.eu\/wp-content\/uploads\/2024\/05\/arepo.jpg","contentUrl":"https:\/\/www.arepoquality.eu\/wp-content\/uploads\/2024\/05\/arepo.jpg","width":1113,"height":705,"caption":"AREPO"},"image":{"@id":"https:\/\/www.arepoquality.eu\/#\/schema\/logo\/image\/"},"sameAs":["https:\/\/www.facebook.com\/arepoquality\/","https:\/\/x.com\/arepoquality_eu","https:\/\/www.linkedin.com\/company\/arepoquality\/?viewAsMember=true"]}]}},"_links":{"self":[{"href":"https:\/\/www.arepoquality.eu\/fr\/wp-json\/wp\/v2\/pages\/101","targetHints":{"allow":["GET"]}}],"collection":[{"href":"https:\/\/www.arepoquality.eu\/fr\/wp-json\/wp\/v2\/pages"}],"about":[{"href":"https:\/\/www.arepoquality.eu\/fr\/wp-json\/wp\/v2\/types\/page"}],"author":[{"embeddable":true,"href":"https:\/\/www.arepoquality.eu\/fr\/wp-json\/wp\/v2\/users\/106"}],"replies":[{"embeddable":true,"href":"https:\/\/www.arepoquality.eu\/fr\/wp-json\/wp\/v2\/comments?post=101"}],"version-history":[{"count":7,"href":"https:\/\/www.arepoquality.eu\/fr\/wp-json\/wp\/v2\/pages\/101\/revisions"}],"predecessor-version":[{"id":8888,"href":"https:\/\/www.arepoquality.eu\/fr\/wp-json\/wp\/v2\/pages\/101\/revisions\/8888"}],"up":[{"embeddable":true,"href":"https:\/\/www.arepoquality.eu\/fr\/wp-json\/wp\/v2\/pages\/92"}],"wp:featuredmedia":[{"embeddable":true,"href":"https:\/\/www.arepoquality.eu\/fr\/wp-json\/wp\/v2\/media\/10784"}],"wp:attachment":[{"href":"https:\/\/www.arepoquality.eu\/fr\/wp-json\/wp\/v2\/media?parent=101"}],"curies":[{"name":"wp","href":"https:\/\/api.w.org\/{rel}","templated":true}]}}