{"id":25,"date":"2021-01-28T15:03:32","date_gmt":"2021-01-28T14:03:32","guid":{"rendered":"http:\/\/localhost\/Arepo\/?page_id=25"},"modified":"2024-11-06T14:14:58","modified_gmt":"2024-11-06T13:14:58","slug":"a-propos","status":"publish","type":"page","link":"https:\/\/www.arepoquality.eu\/fr\/a-propos\/","title":{"rendered":"\u00c0 propos"},"content":{"rendered":"\n<h2 class=\"wp-block-heading has-text-align-center\">\u00c0 propos<\/h2>\n\n\n\n<p class=\"has-text-align-center encart blue\">L\u2019Association des R\u00e9gions Europ\u00e9ennes des Produits d&rsquo;Origine (AREPO) est un <strong>r\u00e9seau<br>de r\u00e9gions et d\u2019associations de producteurs<\/strong> impliqu\u00e9s dans les <strong>produits d\u2019origine<\/strong>. <br>L\u2019AREPO a pour objet la promotion et la d\u00e9fense des int\u00e9r\u00eats des producteurs et des consommateurs<br>des r\u00e9gions europ\u00e9ennes engag\u00e9s dans la valorisation des produits agroalimentaires de qualit\u00e9.<\/p>\n\n\n\n<h2 class=\"wp-block-heading\">Missions<\/h2>\n\n\n\n<div class=\"wp-block-columns has-3-columns is-layout-flex wp-container-core-columns-is-layout-9d6595d7 wp-block-columns-is-layout-flex\">\n<div class=\"wp-block-column is-layout-flow wp-block-column-is-layout-flow\">\n<h4 class=\"wp-block-heading\">Vis-\u00e0-vis des r\u00e9gions<br><\/h4>\n\n\n\n<ul class=\"wp-block-list\">\n<li>Le d\u00e9veloppement des indications g\u00e9ographiques (IG) et des produits de qualit\u00e9 comme outils de d\u00e9veloppement et d\u2019am\u00e9nagement territorial.<\/li>\n\n\n\n<li> Ceci passe aussi par le renforcement de la politique europ\u00e9enne sur les indications g\u00e9ographiques et les produits d\u2019origine.<\/li>\n<\/ul>\n\n\n\n<p><\/p>\n<\/div>\n\n\n\n<div class=\"wp-block-column is-layout-flow wp-block-column-is-layout-flow\">\n<h4 class=\"wp-block-heading\">Vis-\u00e0-vis des producteurs<\/h4>\n\n\n\n<ul class=\"wp-block-list\">\n<li>La garantie de bonnes conditions de revenus pour les producteurs ;<\/li>\n\n\n\n<li>Les actions de lobbying pour assurer une protection ad\u00e9quate des produits sur le march\u00e9 europ\u00e9en, ainsi que sur des march\u00e9s tiers ;<\/li>\n\n\n\n<li>Les actions de lobbying pour assurer que la qualit\u00e9 trouve sa juste place dans les politiques de promotion.<\/li>\n<\/ul>\n<\/div>\n\n\n\n<div class=\"wp-block-column is-layout-flow wp-block-column-is-layout-flow\">\n<h4 class=\"wp-block-heading\">Vis-\u00e0-vis des consommateurs<\/h4>\n\n\n\n<ul class=\"wp-block-list\">\n<li>L\u2019assurance d\u2019une communication appropri\u00e9e et d\u2019une information correcte.<\/li>\n<\/ul>\n\n\n\n<p><\/p>\n<\/div>\n<\/div>\n\n\n\n<h2 class=\"wp-block-heading has-text-align-center\">Origine et \u00e9volution<\/h2>\n\n\n\n<p class=\"has-text-align-center encart blue\">L\u2019AREPO a \u00e9t\u00e9 cr\u00e9\u00e9e en mai 2004 \u00e0 Bordeaux par 16 r\u00e9gions issues de 6 pays europ\u00e9ens, elle repr\u00e9sente aujourd\u2019hui<br>35 r\u00e9gions europ\u00e9ennes et plus de 850 associations de producteurs pour plus de 60 % des indications g\u00e9ographiques europ\u00e9ennes.<\/p>\n\n\n\n<h2 class=\"wp-block-heading\">Structure<\/h2>\n\n\n\n<div class=\"wp-block-columns has-3-columns is-layout-flex wp-container-core-columns-is-layout-9d6595d7 wp-block-columns-is-layout-flex\">\n<div class=\"wp-block-column is-layout-flow wp-block-column-is-layout-flow\">\n<h4 class=\"wp-block-heading\">Le Coll\u00e8ge des R\u00e9gions<\/h4>\n\n\n\n<p>Pr\u00e9sid\u00e9 par la <strong>R\u00e9gion Lombardie.<\/strong><\/p>\n<\/div>\n\n\n\n<div class=\"wp-block-column is-layout-flow wp-block-column-is-layout-flow\">\n<h4 class=\"wp-block-heading\">Le Coll\u00e8ge des Repr\u00e9sentants des Producteurs<\/h4>\n\n\n\n<p>Pr\u00e9sid\u00e9 par la <strong>Conferencia Andaluza de Denominaciones de Origen (CADO, Andalousie).<\/strong><\/p>\n<\/div>\n\n\n\n<div class=\"wp-block-column is-layout-flow wp-block-column-is-layout-flow\">\n<h4 class=\"wp-block-heading\">Le Coll\u00e8ge des membres associ\u00e9s<\/h4>\n\n\n\n<p>Organe consultatif compos\u00e9 par les organisations qui ont sign\u00e9 une convention de partenariat avec l\u2019AREPO (organisations et r\u00e9seaux th\u00e9matiques, territoriaux, scientifiques\u2026). <\/p>\n<\/div>\n<\/div>\n\n\n\n<p class=\"encart border-blue\">L\u2019AREPO est support\u00e9e dans ses travaux par un <strong>Conseil Scientifique<\/strong>, compos\u00e9 par des experts des universit\u00e9s et des centres de recherche issus des r\u00e9gions membres.<\/p>\n\n\n\n<h2 class=\"wp-block-heading has-text-align-center\">Bureau<\/h2>\n\n\n\n<p class=\"has-text-align-center encart blue\">C\u2019est l\u2019organe directeur de l\u2019association. Il oriente les travaux et d\u00e9lib\u00e8re dans l\u2019intervalle des Assembl\u00e9es g\u00e9n\u00e9rales.<br>Le Bureau est compos\u00e9 de trois membres titulaires :<\/p>\n\n\n\n<div class=\"wp-block-columns has-3-columns is-layout-flex wp-container-core-columns-is-layout-9d6595d7 wp-block-columns-is-layout-flex\">\n<div class=\"wp-block-column is-layout-flow wp-block-column-is-layout-flow\">\n<h4 class=\"wp-block-heading\">Pr\u00e9sidence<\/h4>\n\n\n\n<p>Un nouveau Pr\u00e9sident est \u00e9lu tous les trois ans par les r\u00e9gions membres. La <strong>R\u00e9gion\u00a0Lombardie<\/strong> a \u00e9t\u00e9 \u00e9lue \u00e0 la pr\u00e9sidence de l\u2019AREPO en octobre 2024. Actuellement, le<strong> Pr\u00e9sident est M. Alessandro Beduschi, <\/strong>Ministre r\u00e9gionale de l&rsquo;agriculture.<\/p>\n<\/div>\n\n\n\n<div class=\"wp-block-column is-layout-flow wp-block-column-is-layout-flow\">\n<h4 class=\"wp-block-heading\">Vice-Pr\u00e9sidence<\/h4>\n\n\n\n<p>Le candidat \u00e0 la vice-pr\u00e9sidence de l\u2019Association est propos\u00e9 au vote de l\u2019Assembl\u00e9e g\u00e9n\u00e9rale par le <strong>Coll\u00e8ge des Repr\u00e9sentants des Producteurs<\/strong>. Actuellement, la vice-pr\u00e9sidence est exerc\u00e9e par <strong>Conferencia Andaluza de Denominaciones de Origen<\/strong> (CADO, <strong>Andalousie<\/strong>), par l&rsquo;interm\u00e9diaire de son pr\u00e9sident, <strong>M.<\/strong> <strong>C\u00e9sar Salda\u00f1a<\/strong>.<strong>.<\/strong><\/p>\n<\/div>\n\n\n\n<div class=\"wp-block-column is-layout-flow wp-block-column-is-layout-flow\">\n<h4 class=\"wp-block-heading\">Tr\u00e9sorier<\/h4>\n\n\n\n<p>\u00c9lu par l\u2019Assembl\u00e9e G\u00e9n\u00e9rale. Ce r\u00f4le est actuellement exerc\u00e9 par la <strong>R\u00e9gion Centre-Val de Loire.\u00a0<\/strong>Actuellement, la Tr\u00e9soriere est<strong> Mme Temanuata Girard<\/strong>, Vice-pr\u00e9sidente pour l\u2019Agriculture et l\u2019Alimentation du Centre-Val de Loire.<\/p>\n<\/div>\n<\/div>\n\n\n\n<div class=\"wp-block-columns has-3-columns is-layout-flex wp-container-core-columns-is-layout-9d6595d7 wp-block-columns-is-layout-flex\">\n<div class=\"wp-block-column is-layout-flow wp-block-column-is-layout-flow\"><\/div>\n\n\n\n<div class=\"wp-block-column is-layout-flow wp-block-column-is-layout-flow\">\n<h4 class=\"wp-block-heading\">Secr\u00e9taire G\u00e9n\u00e9ral<\/h4>\n\n\n\n<p>Le Secr\u00e9taire G\u00e9n\u00e9ral, Laurent Gomez, dirige et anime le r\u00e9seau. Le Secr\u00e9tariat G\u00e9n\u00e9ral est bas\u00e9 \u00e0 Bordeaux aupr\u00e8s de la R\u00e9gion Nouvelle-Aquitaine. <\/p>\n<\/div>\n\n\n\n<div class=\"wp-block-column is-layout-flow wp-block-column-is-layout-flow\"><\/div>\n<\/div>\n\n\n\n<p class=\"encart border-blue\">Un <strong>bureau de repr\u00e9sentation \u00e0 Bruxelles<\/strong>, aupr\u00e8s de la R\u00e9gion Emilie-Romagne, coordonne les activit\u00e9s de lobbying et les relations avec les institutions europ\u00e9ennes.<\/p>\n","protected":false},"excerpt":{"rendered":"<p>\u00c0 propos L\u2019Association des R\u00e9gions Europ\u00e9ennes des Produits d&rsquo;Origine (AREPO) est un r\u00e9seaude r\u00e9gions et d\u2019associations de producteurs impliqu\u00e9s dans les produits d\u2019origine. L\u2019AREPO a pour objet la promotion et la d\u00e9fense des int\u00e9r\u00eats des producteurs et des consommateursdes r\u00e9gions europ\u00e9ennes engag\u00e9s dans la valorisation des produits agroalimentaires de qualit\u00e9. Missions Vis-\u00e0-vis des r\u00e9gions Vis-\u00e0-vis [&hellip;]<\/p>\n","protected":false},"author":106,"featured_media":0,"parent":0,"menu_order":8,"comment_status":"closed","ping_status":"closed","template":"page-about.php","meta":{"_acf_changed":false,"footnotes":""},"class_list":["post-25","page","type-page","status-publish","hentry"],"acf":[],"yoast_head":"<!-- This site is optimized with the Yoast SEO plugin v27.3 - https:\/\/yoast.com\/product\/yoast-seo-wordpress\/ -->\n<title>\u00c0 propos - AREPO<\/title>\n<meta name=\"robots\" content=\"index, follow, max-snippet:-1, max-image-preview:large, max-video-preview:-1\" \/>\n<link rel=\"canonical\" href=\"https:\/\/www.arepoquality.eu\/fr\/a-propos\/\" \/>\n<meta property=\"og:locale\" content=\"fr_FR\" \/>\n<meta property=\"og:type\" content=\"article\" \/>\n<meta property=\"og:title\" content=\"\u00c0 propos - AREPO\" \/>\n<meta property=\"og:description\" content=\"\u00c0 propos L\u2019Association des R\u00e9gions Europ\u00e9ennes des Produits d&rsquo;Origine (AREPO) est un r\u00e9seaude r\u00e9gions et d\u2019associations de producteurs impliqu\u00e9s dans les produits d\u2019origine. L\u2019AREPO a pour objet la promotion et la d\u00e9fense des int\u00e9r\u00eats des producteurs et des consommateursdes r\u00e9gions europ\u00e9ennes engag\u00e9s dans la valorisation des produits agroalimentaires de qualit\u00e9. Missions Vis-\u00e0-vis des r\u00e9gions Vis-\u00e0-vis [&hellip;]\" \/>\n<meta property=\"og:url\" content=\"https:\/\/www.arepoquality.eu\/fr\/a-propos\/\" \/>\n<meta property=\"og:site_name\" content=\"AREPO\" \/>\n<meta property=\"article:publisher\" content=\"https:\/\/www.facebook.com\/arepoquality\/\" \/>\n<meta property=\"article:modified_time\" content=\"2024-11-06T13:14:58+00:00\" \/>\n<meta name=\"twitter:card\" content=\"summary_large_image\" \/>\n<meta name=\"twitter:site\" content=\"@arepoquality_eu\" \/>\n<meta name=\"twitter:label1\" content=\"Dur\u00e9e de lecture estim\u00e9e\" \/>\n\t<meta name=\"twitter:data1\" content=\"3 minutes\" \/>\n<script type=\"application\/ld+json\" class=\"yoast-schema-graph\">{\"@context\":\"https:\\\/\\\/schema.org\",\"@graph\":[{\"@type\":\"WebPage\",\"@id\":\"https:\\\/\\\/www.arepoquality.eu\\\/fr\\\/a-propos\\\/\",\"url\":\"https:\\\/\\\/www.arepoquality.eu\\\/fr\\\/a-propos\\\/\",\"name\":\"\u00c0 propos - AREPO\",\"isPartOf\":{\"@id\":\"https:\\\/\\\/www.arepoquality.eu\\\/#website\"},\"datePublished\":\"2021-01-28T14:03:32+00:00\",\"dateModified\":\"2024-11-06T13:14:58+00:00\",\"breadcrumb\":{\"@id\":\"https:\\\/\\\/www.arepoquality.eu\\\/fr\\\/a-propos\\\/#breadcrumb\"},\"inLanguage\":\"fr-FR\",\"potentialAction\":[{\"@type\":\"ReadAction\",\"target\":[\"https:\\\/\\\/www.arepoquality.eu\\\/fr\\\/a-propos\\\/\"]}]},{\"@type\":\"BreadcrumbList\",\"@id\":\"https:\\\/\\\/www.arepoquality.eu\\\/fr\\\/a-propos\\\/#breadcrumb\",\"itemListElement\":[{\"@type\":\"ListItem\",\"position\":1,\"name\":\"Home\",\"item\":\"https:\\\/\\\/www.arepoquality.eu\\\/\"},{\"@type\":\"ListItem\",\"position\":2,\"name\":\"\u00c0 propos\"}]},{\"@type\":\"WebSite\",\"@id\":\"https:\\\/\\\/www.arepoquality.eu\\\/#website\",\"url\":\"https:\\\/\\\/www.arepoquality.eu\\\/\",\"name\":\"AREPO\",\"description\":\"\",\"publisher\":{\"@id\":\"https:\\\/\\\/www.arepoquality.eu\\\/#organization\"},\"potentialAction\":[{\"@type\":\"SearchAction\",\"target\":{\"@type\":\"EntryPoint\",\"urlTemplate\":\"https:\\\/\\\/www.arepoquality.eu\\\/?s={search_term_string}\"},\"query-input\":{\"@type\":\"PropertyValueSpecification\",\"valueRequired\":true,\"valueName\":\"search_term_string\"}}],\"inLanguage\":\"fr-FR\"},{\"@type\":\"Organization\",\"@id\":\"https:\\\/\\\/www.arepoquality.eu\\\/#organization\",\"name\":\"AREPO\",\"url\":\"https:\\\/\\\/www.arepoquality.eu\\\/\",\"logo\":{\"@type\":\"ImageObject\",\"inLanguage\":\"fr-FR\",\"@id\":\"https:\\\/\\\/www.arepoquality.eu\\\/#\\\/schema\\\/logo\\\/image\\\/\",\"url\":\"https:\\\/\\\/www.arepoquality.eu\\\/wp-content\\\/uploads\\\/2024\\\/05\\\/arepo.jpg\",\"contentUrl\":\"https:\\\/\\\/www.arepoquality.eu\\\/wp-content\\\/uploads\\\/2024\\\/05\\\/arepo.jpg\",\"width\":1113,\"height\":705,\"caption\":\"AREPO\"},\"image\":{\"@id\":\"https:\\\/\\\/www.arepoquality.eu\\\/#\\\/schema\\\/logo\\\/image\\\/\"},\"sameAs\":[\"https:\\\/\\\/www.facebook.com\\\/arepoquality\\\/\",\"https:\\\/\\\/x.com\\\/arepoquality_eu\",\"https:\\\/\\\/www.linkedin.com\\\/company\\\/arepoquality\\\/?viewAsMember=true\"]}]}<\/script>\n<!-- \/ Yoast SEO plugin. -->","yoast_head_json":{"title":"\u00c0 propos - AREPO","robots":{"index":"index","follow":"follow","max-snippet":"max-snippet:-1","max-image-preview":"max-image-preview:large","max-video-preview":"max-video-preview:-1"},"canonical":"https:\/\/www.arepoquality.eu\/fr\/a-propos\/","og_locale":"fr_FR","og_type":"article","og_title":"\u00c0 propos - AREPO","og_description":"\u00c0 propos L\u2019Association des R\u00e9gions Europ\u00e9ennes des Produits d&rsquo;Origine (AREPO) est un r\u00e9seaude r\u00e9gions et d\u2019associations de producteurs impliqu\u00e9s dans les produits d\u2019origine. L\u2019AREPO a pour objet la promotion et la d\u00e9fense des int\u00e9r\u00eats des producteurs et des consommateursdes r\u00e9gions europ\u00e9ennes engag\u00e9s dans la valorisation des produits agroalimentaires de qualit\u00e9. Missions Vis-\u00e0-vis des r\u00e9gions Vis-\u00e0-vis [&hellip;]","og_url":"https:\/\/www.arepoquality.eu\/fr\/a-propos\/","og_site_name":"AREPO","article_publisher":"https:\/\/www.facebook.com\/arepoquality\/","article_modified_time":"2024-11-06T13:14:58+00:00","twitter_card":"summary_large_image","twitter_site":"@arepoquality_eu","twitter_misc":{"Dur\u00e9e de lecture estim\u00e9e":"3 minutes"},"schema":{"@context":"https:\/\/schema.org","@graph":[{"@type":"WebPage","@id":"https:\/\/www.arepoquality.eu\/fr\/a-propos\/","url":"https:\/\/www.arepoquality.eu\/fr\/a-propos\/","name":"\u00c0 propos - AREPO","isPartOf":{"@id":"https:\/\/www.arepoquality.eu\/#website"},"datePublished":"2021-01-28T14:03:32+00:00","dateModified":"2024-11-06T13:14:58+00:00","breadcrumb":{"@id":"https:\/\/www.arepoquality.eu\/fr\/a-propos\/#breadcrumb"},"inLanguage":"fr-FR","potentialAction":[{"@type":"ReadAction","target":["https:\/\/www.arepoquality.eu\/fr\/a-propos\/"]}]},{"@type":"BreadcrumbList","@id":"https:\/\/www.arepoquality.eu\/fr\/a-propos\/#breadcrumb","itemListElement":[{"@type":"ListItem","position":1,"name":"Home","item":"https:\/\/www.arepoquality.eu\/"},{"@type":"ListItem","position":2,"name":"\u00c0 propos"}]},{"@type":"WebSite","@id":"https:\/\/www.arepoquality.eu\/#website","url":"https:\/\/www.arepoquality.eu\/","name":"AREPO","description":"","publisher":{"@id":"https:\/\/www.arepoquality.eu\/#organization"},"potentialAction":[{"@type":"SearchAction","target":{"@type":"EntryPoint","urlTemplate":"https:\/\/www.arepoquality.eu\/?s={search_term_string}"},"query-input":{"@type":"PropertyValueSpecification","valueRequired":true,"valueName":"search_term_string"}}],"inLanguage":"fr-FR"},{"@type":"Organization","@id":"https:\/\/www.arepoquality.eu\/#organization","name":"AREPO","url":"https:\/\/www.arepoquality.eu\/","logo":{"@type":"ImageObject","inLanguage":"fr-FR","@id":"https:\/\/www.arepoquality.eu\/#\/schema\/logo\/image\/","url":"https:\/\/www.arepoquality.eu\/wp-content\/uploads\/2024\/05\/arepo.jpg","contentUrl":"https:\/\/www.arepoquality.eu\/wp-content\/uploads\/2024\/05\/arepo.jpg","width":1113,"height":705,"caption":"AREPO"},"image":{"@id":"https:\/\/www.arepoquality.eu\/#\/schema\/logo\/image\/"},"sameAs":["https:\/\/www.facebook.com\/arepoquality\/","https:\/\/x.com\/arepoquality_eu","https:\/\/www.linkedin.com\/company\/arepoquality\/?viewAsMember=true"]}]}},"_links":{"self":[{"href":"https:\/\/www.arepoquality.eu\/fr\/wp-json\/wp\/v2\/pages\/25","targetHints":{"allow":["GET"]}}],"collection":[{"href":"https:\/\/www.arepoquality.eu\/fr\/wp-json\/wp\/v2\/pages"}],"about":[{"href":"https:\/\/www.arepoquality.eu\/fr\/wp-json\/wp\/v2\/types\/page"}],"author":[{"embeddable":true,"href":"https:\/\/www.arepoquality.eu\/fr\/wp-json\/wp\/v2\/users\/106"}],"replies":[{"embeddable":true,"href":"https:\/\/www.arepoquality.eu\/fr\/wp-json\/wp\/v2\/comments?post=25"}],"version-history":[{"count":54,"href":"https:\/\/www.arepoquality.eu\/fr\/wp-json\/wp\/v2\/pages\/25\/revisions"}],"predecessor-version":[{"id":17104,"href":"https:\/\/www.arepoquality.eu\/fr\/wp-json\/wp\/v2\/pages\/25\/revisions\/17104"}],"wp:attachment":[{"href":"https:\/\/www.arepoquality.eu\/fr\/wp-json\/wp\/v2\/media?parent=25"}],"curies":[{"name":"wp","href":"https:\/\/api.w.org\/{rel}","templated":true}]}}